{"id":23,"date":"2010-10-26T13:47:53","date_gmt":"2010-10-26T11:47:53","guid":{"rendered":"http:\/\/www.test.lacasoratese.it\/?page_id=23"},"modified":"2010-10-26T14:50:08","modified_gmt":"2010-10-26T12:50:08","slug":"storia","status":"publish","type":"page","link":"http:\/\/www.lacasoratese.it\/?page_id=23","title":{"rendered":"Storia"},"content":{"rendered":"<p style=\"text-align: justify;\">Il Corpo Musicale <strong>La Casoratese<\/strong> \u00e8 una delle piu&#8217; antiche associazioni di Casorate Sempione (VA); nasce nel 1936 con un organico di 13 elementi e prende il nome di <strong>Fanfara Carlo Zocchi<\/strong>.<\/p>\n<p style=\"text-align: justify;\">Con  l\u2019avvento della Seconda Guerra Mondiale, la fanfara \u00e8 costretta prima a ridurre  e poi a sospendere temporaneamente le sue attivit\u00e0. Terminata la guerra, il 19  aprile 1945, si riunisce il vecchio Consiglio Direttivo e si provvede alla  formazione di un nuovo atto costitutivo e alla nomina di un nuovo Consiglio. Nella stessa occasione la banda assume la denominazione ufficiale:  <strong>Corpo Musicale La Casoratese<\/strong>. L&#8217;organico conta 28 elementi.<\/p>\n<p style=\"text-align: justify;\">Nel corso della sua storia il Corpo Musicale organizza quattro  convegni bandistici in occasione del 25\u00b0,40\u00b0, 50\u00b0 e 60\u00b0  anniversario di fondazione. Tra il 1965 ed il 1979 partecipa ad otto convegni  interregionali bandistici in Toscana e nel Veneto, mentre negli anni ottanta  prende parte a numerosi raduni bandistici provinciali promossi dall\u2019ANBIMA.<\/p>\n<p style=\"text-align: justify;\">Nel  1997 la Banda promuove un gemellaggio con la <strong>Csongr\u00e1di  F\u00fav\u00f3szenekar<\/strong> di Csongr\u00e1d (Ungheria) partecipando ai festival musicali  di <strong>Csongr\u00e1d<\/strong> e <strong>Mak\u00f3<\/strong> (Ungheria). Nel 2000 il  Corpo Musicale partecipa al Giubileo delle Bande Varesine a Varese e si esibisce  in concerto a Novate Mezzola (SO).<\/p>\n<p style=\"text-align: justify;\">\nTra il 1996 e il 2005 il Corpo Musicale  \u201cLa Casoratese\u201d collabora come \u201cBanda da palcoscenico\u201d con l&#8217;<strong>Orchestra  Filarmonica Europea<\/strong> in occasione di diversi concerti a Casorate  Sempione e Gallarate; negli stessi anni si esibisce diverse volte presso il  <strong>Castello Visconti di San Vito<\/strong> di Somma Lombardo in occasione di  vari anniversari di fondazione dell\u2019Arma dei Carabinieri; in tali occasione, \u201cLa  Casoratese\u201d ha occasione di accompagnare il M\u00b0 <strong>Andrea  Giuffredi<\/strong>, trombettista di fama mondiale.<\/p>\n<p style=\"text-align: justify;\">\nNel 2005 si provvede all\u2019organizzazione di Corsi di Orientamento Musicale gestiti da  insegnanti professionisti. Nel settembre dello stesso anno nasce la  <strong>Casorate<\/strong><strong> Junior<\/strong><strong> Band<\/strong>,  composta da tutti gli iscritti ai corsi di Musica de \u201cLa Casoratese\u201d. L\u2019organico  iniziale \u00e8 di 15 elementi, che diventano quasi 30 a seguito di alcuni incontri  con gli studenti delle scuole di Casorate. Nel 2006 il Corpo Musicale festeggia  il 70\u00b0 Anniversario di Fondazione. Per l\u2019occasione viene organizzata una  stagione ricca di appuntamenti: cinque concerti (che vedono la partecipazione  straordinaria del &#8220;Corpo Musicale S. Damiano S. Albino&#8221; di  Brugherio (MI), del &#8220;Corpo Musicale Appianese&#8221; di Appiano Gentile  (CO) e dell\u2019Ottetto di Fiati \u201cAntiche Armonie\u201d di Milano), una  conferenza sul tema \u201cLa Banda: Orchestra di Fiati del 2000\u201d (con la  partecipazione del M\u00b0 Davide Miniscalco, direttore di diverse Orchestre di  Fiati e  l\u2019editore Emilio Maccolini della Casa Editrice &#8220;Animando&#8221;) e la prima  edizione di <strong>Master Musicali<\/strong> rivolti ai musicisti amatoriali. Nello stesso anno  \u201cLa Casoratese\u201d si esibisce in concerto a Brugherio, in occasione del 100\u00b0  Anniversario di Fondazione del Corpo Musicale \u201cS. Damiano S. Albino\u201d.<\/p>\n<p style=\"text-align: justify;\">\nNel  2007 il Corpo Musicale organizza la seconda edizione di Master Musicali  ricevendo iscrizioni, oltre che dalle bande della Provincia di Varese, anche  dalle Province di Milano, Lecco, Como, Novara, Torino, Sondrio e Modena. In  totale, tra la prima e la seconda edizione, gli iscritti ai Master sono stati  pi\u00f9 di 100. I Docenti che si sono susseguiti nelle due edizioni sono tra i pi\u00f9  conosciuti ed apprezzati in campo artistico e didattico sia a livello nazionale  che internazionale: Andrea Giuffredi e Gianluigi Petrarulo (Tromba), Mario Marzi  e Giuseppina Levato (Sax), Carlo dell\u2019Acqua e Milan Rericha (Rep. Ceca)  (Clarinetto),\u00a0 Angelo Borroni (Corno), Flavio Alziati (Flauto), Gianlugi Grosso  (Tuba e Euphonium), Maurizio Bianchini e Antonio Scotillo (Batteria e  Percussioni).<\/p>\n<p style=\"text-align: justify;\">Nel marzo 2008 La Casoratese partecipa al Concorso  Internazionale &#8220;Flicorno d&#8217;Oro&#8221; a Riva del Garda, partecipando nella 3a  categoria. Ottiene il punteggio di 79.5 \/ 100 e il settimo posto.<\/p>\n","protected":false},"excerpt":{"rendered":"<p>Il Corpo Musicale La Casoratese \u00e8 una delle piu&#8217; antiche associazioni di Casorate Sempione (VA); nasce nel 1936 con un organico di 13 elementi e prende il nome di Fanfara Carlo Zocchi. Con l\u2019avvento della Seconda Guerra Mondiale, la fanfara \u00e8 costretta prima a ridurre e poi a sospendere temporaneamente le sue attivit\u00e0. Terminata la&hellip; <\/p>\n<p class=\"toivo-read-more\"><a href=\"http:\/\/www.lacasoratese.it\/?page_id=23\" class=\"more-link\">Read more <span class=\"screen-reader-text\">Storia<\/span><\/a><\/p>\n","protected":false},"author":1,"featured_media":0,"parent":0,"menu_order":0,"comment_status":"closed","ping_status":"closed","template":"","meta":{"ngg_post_thumbnail":0,"jetpack_post_was_ever_published":false,"footnotes":""},"class_list":{"0":"post-23","1":"page","2":"type-page","3":"status-publish","5":"entry"},"jetpack_sharing_enabled":true,"jetpack-related-posts":[{"id":205,"url":"http:\/\/www.lacasoratese.it\/?page_id=205","url_meta":{"origin":23,"position":0},"title":"Maestro","author":"Diego Pavanello","date":"29 Novembre 2010","format":false,"excerpt":"Emanuele Maginzali Nasce a Somma Lombardo nel 1974. Si diploma in Tromba nel 1996 presso il conservatorio di Musica \u201cP.L.Campiani\u201d di Mantova. Nel biennio 1994 - 96 frequenta i corsi per professori d\u2019orchestra presso l\u2019Orchestra Giovanile Italiana di Fiesole (Fi) studiando con i Maestri R. Bobo, V. Globokar e partecipa\u2026","rel":"","context":"Articolo simile","block_context":{"text":"Articolo simile","link":""},"img":{"alt_text":"","src":"..\/wp-content\/uploads\/2010\/10\/033-MaginzaliE1.jpg","width":350,"height":200},"classes":[]},{"id":2,"url":"http:\/\/www.lacasoratese.it\/?page_id=2","url_meta":{"origin":23,"position":1},"title":"Contatti","author":"Diego Pavanello","date":"15 Ottobre 2010","format":false,"excerpt":"Il Corpo Musicale \"La Casoratese\" \u00e8 sempre alla ricerca di nuovi contatti, o di nuove persone che vogliano associarsi a noi. Per qualsiasi informazione, proporci un concerto oppure un servizio civile o religioso, rivolgetevi liberamente al seguente indirizzo email: info@lacasoratese.it","rel":"","context":"Con 2 commenti","block_context":{"text":"Con 2 commenti","link":"http:\/\/www.lacasoratese.it\/?page_id=2#comments"},"img":{"alt_text":"","src":"https:\/\/i0.wp.com\/www.lacasoratese.it\/wp-content\/uploads\/2010\/10\/gu1.gif?resize=350%2C200","width":350,"height":200},"classes":[]},{"id":2306,"url":"http:\/\/www.lacasoratese.it\/?page_id=2306","url_meta":{"origin":23,"position":2},"title":"Masterclass di Marco Pierobon (23-25\/03\/17)","author":"Marco Russo","date":"22 Gennaio 2018","format":false,"excerpt":"\u00a0 Le iscrizioni saranno aperte fino a esaurimento posti disponibili (MAX. 15 allievi effettivi) Scarica il modulo d\u2019iscrizione Primo Premio nei concorsi internazionali di Passau (Germania), Imperia ed Aqui Terme, Marco Pierobon \u00e8 stato per quasi dieci anni Prima Tromba delle Orchestre del Maggio Musicale Fiorentino (1999-2002 con Zubin Mehta)\u2026","rel":"","context":"Articolo simile","block_context":{"text":"Articolo simile","link":""},"img":{"alt_text":"","src":"https:\/\/scontent-mxp1-1.xx.fbcdn.net\/v\/t1.0-9\/28958827_1226792994119562_7797766541387818446_n.jpg?oh=8eb28a8b408a5d1f51600503279b7ff1&oe=5B39D1CA","width":350,"height":200,"srcset":"https:\/\/scontent-mxp1-1.xx.fbcdn.net\/v\/t1.0-9\/28958827_1226792994119562_7797766541387818446_n.jpg?oh=8eb28a8b408a5d1f51600503279b7ff1&oe=5B39D1CA 1x, https:\/\/scontent-mxp1-1.xx.fbcdn.net\/v\/t1.0-9\/28958827_1226792994119562_7797766541387818446_n.jpg?oh=8eb28a8b408a5d1f51600503279b7ff1&oe=5B39D1CA 1.5x"},"classes":[]},{"id":1202,"url":"http:\/\/www.lacasoratese.it\/?page_id=1202","url_meta":{"origin":23,"position":3},"title":"Organico","author":"Marco Russo","date":"25 Novembre 2013","format":false,"excerpt":"Organico (mobile): Corpo Musicale \u201cLa Casoratese\u201d Direttore artistico Consiglio Direttivo Commissione Musica","rel":"","context":"Articolo simile","block_context":{"text":"Articolo simile","link":""},"img":{"alt_text":"","src":"","width":0,"height":0},"classes":[]},{"id":1008,"url":"http:\/\/www.lacasoratese.it\/?page_id=1008","url_meta":{"origin":23,"position":4},"title":"Facebook &#8211; Corpo Musicale &#8220;La Casoratese&#8221;","author":"Marco Russo","date":"22 Settembre 2013","format":false,"excerpt":"Attendi qualche secondo: stai per essere reindirizzato sulla nostra pagina Facebook.","rel":"","context":"Articolo simile","block_context":{"text":"Articolo simile","link":""},"img":{"alt_text":"","src":"","width":0,"height":0},"classes":[]},{"id":1690,"url":"http:\/\/www.lacasoratese.it\/?page_id=1690","url_meta":{"origin":23,"position":5},"title":"Gli otto diesis","author":"Marco Russo","date":"11 Gennaio 2015","format":false,"excerpt":"Gli otto diesis sono l'ottetto di fiati del Corpo Musicale \"La Casoratese\". Di formazione variabile, attualmente risulta composto da: Monica Macchi - Flauto Luca Salmini - Clarinetto 1\u00b0 Marta Veronese\u00a0- Clarinetto 2\u00b0 Marco Russo - Saxofono Mariarosa Salerno - Tromba Diego Pavanello - Corno Dario Veronese - Euphonium Antonio Mancin\u2026","rel":"","context":"Articolo simile","block_context":{"text":"Articolo simile","link":""},"img":{"alt_text":"","src":"https:\/\/i0.wp.com\/www.lacasoratese.it\/wp-content\/uploads\/2015\/01\/gli-otto-diesis-1024x468.jpg?resize=350%2C200","width":350,"height":200,"srcset":"https:\/\/i0.wp.com\/www.lacasoratese.it\/wp-content\/uploads\/2015\/01\/gli-otto-diesis-1024x468.jpg?resize=350%2C200 1x, https:\/\/i0.wp.com\/www.lacasoratese.it\/wp-content\/uploads\/2015\/01\/gli-otto-diesis-1024x468.jpg?resize=525%2C300 1.5x, https:\/\/i0.wp.com\/www.lacasoratese.it\/wp-content\/uploads\/2015\/01\/gli-otto-diesis-1024x468.jpg?resize=700%2C400 2x"},"classes":[]}],"_links":{"self":[{"href":"http:\/\/www.lacasoratese.it\/index.php?rest_route=\/wp\/v2\/pages\/23","targetHints":{"allow":["GET"]}}],"collection":[{"href":"http:\/\/www.lacasoratese.it\/index.php?rest_route=\/wp\/v2\/pages"}],"about":[{"href":"http:\/\/www.lacasoratese.it\/index.php?rest_route=\/wp\/v2\/types\/page"}],"author":[{"embeddable":true,"href":"http:\/\/www.lacasoratese.it\/index.php?rest_route=\/wp\/v2\/users\/1"}],"replies":[{"embeddable":true,"href":"http:\/\/www.lacasoratese.it\/index.php?rest_route=%2Fwp%2Fv2%2Fcomments&post=23"}],"version-history":[{"count":3,"href":"http:\/\/www.lacasoratese.it\/index.php?rest_route=\/wp\/v2\/pages\/23\/revisions"}],"predecessor-version":[{"id":28,"href":"http:\/\/www.lacasoratese.it\/index.php?rest_route=\/wp\/v2\/pages\/23\/revisions\/28"}],"wp:attachment":[{"href":"http:\/\/www.lacasoratese.it\/index.php?rest_route=%2Fwp%2Fv2%2Fmedia&parent=23"}],"curies":[{"name":"wp","href":"https:\/\/api.w.org\/{rel}","templated":true}]}}